{"id":15,"date":"2023-11-22T10:56:53","date_gmt":"2023-11-22T10:56:53","guid":{"rendered":"https:\/\/nessdanismanlik.com.tr\/?page_id=15"},"modified":"2024-01-29T11:00:56","modified_gmt":"2024-01-29T08:00:56","slug":"iletisim","status":"publish","type":"page","link":"https:\/\/nessdanismanlik.com.tr\/?page_id=15","title":{"rendered":"\u0130leti\u015fim"},"content":{"rendered":"<table width=\"350\">\n<tbody>\n<tr>\n<td colspan=\"2\"><strong>Neslihan K\u00dc\u00c7\u00dcK- <\/strong><\/td>\n<td rowspan=\"7\"><strong>\u00a0<\/strong><\/td>\n<\/tr>\n<tr>\n<td colspan=\"2\"><strong>Business \u0130stanbul Plaza , Merdivenk\u00f6y Mah.Dikyol Sokak B Blok\u00a0 No:2 i\u00e7 kap\u0131 no:179 Kat:18 Kad\u0131k\u00f6y \/\u0130stanbul<\/strong><\/td>\n<\/tr>\n<tr>\n<td><strong>(542) 898 50 26<\/strong><\/td>\n<td rowspan=\"5\"><\/td>\n<\/tr>\n<tr>\n<td><a href=\"http:\/\/www.nessdanismanlik.com.tr\"><strong>w<\/strong>ww.nessdanismanlik.com.tr<\/a><\/td>\n<\/tr>\n<tr>\n<td><a href=\"mailto:neslihank@nessdanismanlik.com.tr\"><strong>neslihank@nessdanismanlik.com.tr<\/strong><\/a><\/td>\n<\/tr>\n<\/tbody>\n<\/table>\n","protected":false},"excerpt":{"rendered":"<p>Neslihan K\u00dc\u00c7\u00dcK- \u00a0 Business \u0130stanbul Plaza , Merdivenk\u00f6y Mah.Dikyol Sokak B Blok\u00a0 No:2 i\u00e7 kap\u0131 no:179 Kat:18 Kad\u0131k\u00f6y \/\u0130stanbul (542) 898 50 26 www.nessdanismanlik.com.tr neslihank@nessdanismanlik.com.tr<\/p>\n","protected":false},"author":1,"featured_media":0,"parent":0,"menu_order":0,"comment_status":"closed","ping_status":"closed","template":"","meta":{"footnotes":""},"class_list":["post-15","page","type-page","status-publish","hentry"],"_links":{"self":[{"href":"https:\/\/nessdanismanlik.com.tr\/index.php?rest_route=\/wp\/v2\/pages\/15","targetHints":{"allow":["GET"]}}],"collection":[{"href":"https:\/\/nessdanismanlik.com.tr\/index.php?rest_route=\/wp\/v2\/pages"}],"about":[{"href":"https:\/\/nessdanismanlik.com.tr\/index.php?rest_route=\/wp\/v2\/types\/page"}],"author":[{"embeddable":true,"href":"https:\/\/nessdanismanlik.com.tr\/index.php?rest_route=\/wp\/v2\/users\/1"}],"replies":[{"embeddable":true,"href":"https:\/\/nessdanismanlik.com.tr\/index.php?rest_route=%2Fwp%2Fv2%2Fcomments&post=15"}],"version-history":[{"count":5,"href":"https:\/\/nessdanismanlik.com.tr\/index.php?rest_route=\/wp\/v2\/pages\/15\/revisions"}],"predecessor-version":[{"id":38,"href":"https:\/\/nessdanismanlik.com.tr\/index.php?rest_route=\/wp\/v2\/pages\/15\/revisions\/38"}],"wp:attachment":[{"href":"https:\/\/nessdanismanlik.com.tr\/index.php?rest_route=%2Fwp%2Fv2%2Fmedia&parent=15"}],"curies":[{"name":"wp","href":"https:\/\/api.w.org\/{rel}","templated":true}]}}